{"id":977,"date":"2024-02-12T12:06:46","date_gmt":"2024-02-12T10:06:46","guid":{"rendered":"https:\/\/kombonada.com\/?page_id=977"},"modified":"2024-04-17T16:00:22","modified_gmt":"2024-04-17T13:00:22","slug":"politica-dei-cookie","status":"publish","type":"page","link":"https:\/\/kombonada.com\/it\/politica-dei-cookie\/","title":{"rendered":"Politica dei cookie"},"content":{"rendered":"\t\t<div data-elementor-type=\"wp-page\" data-elementor-id=\"977\" class=\"elementor elementor-977 elementor-1861\" data-elementor-post-type=\"page\">\n\t\t\t\t<div class=\"elementor-element elementor-element-9d36fbf e-flex e-con-boxed e-con e-parent\" data-id=\"9d36fbf\" data-element_type=\"container\" data-e-type=\"container\">\n\t\t\t\t\t<div class=\"e-con-inner\">\n\t\t\t\t<div class=\"elementor-element elementor-element-b87832b elementor-widget elementor-widget-text-editor\" data-id=\"b87832b\" data-element_type=\"widget\" data-e-type=\"widget\" data-widget_type=\"text-editor.default\">\n\t\t\t\t<div class=\"elementor-widget-container\">\n\t\t\t\t\t\t\t\t\t<h5>1. Introduzione<\/h5>\nIl sito web di <strong>Castel Mosciaro IKE<\/strong> utilizza cookie propri e di terzi. Un cookie \u00e8 un file che viene scaricato sul computer dell'utente quando accede a determinate pagine web, tra gli altri scopi, per garantire il corretto funzionamento della pagina, consentire all'utente un accesso pi\u00f9 rapido ai servizi selezionati, memorizzare e recuperare informazioni sulle abitudini di navigazione di un utente o del suo dispositivo e persino, a seconda delle informazioni contenute e del modo in cui l'utente utilizza il computer, pu\u00f2 essere utilizzato per riconoscere l'utente. I cookie sono associati esclusivamente a un utente anonimo e al suo computer o dispositivo e non forniscono riferimenti che consentano di conoscere i suoi dati personali, se non con il suo esplicito consenso.\n\nL'utente pu\u00f2, in qualsiasi momento, accettare o rifiutare i cookie installati che non siano strettamente necessari per il corretto funzionamento del sito web e l'accesso dell'Utente ai suoi servizi, attraverso il pannello di regolazione dei cookie fornito sul nostro sito web. L'Utente pu\u00f2 anche configurare il proprio browser in qualsiasi momento senza che ci\u00f2 influisca sulla possibilit\u00e0 di accedere ai contenuti. Tuttavia, vi informiamo che il rifiuto dei cookie pu\u00f2 ridurre il corretto funzionamento del sito web.\n<h5>2. Cookie interessati dal regolamento e cookie esenti<\/h5>\nSecondo la direttiva UE, i cookie che richiedono il consenso informato dell'utente sono i cookie analitici, pubblicitari e di affiliazione, ad eccezione dei cookie tecnici e di quelli necessari al funzionamento del sito web o alla fornitura di servizi espressamente richiesti dall'utente.\n<h5>3. Tipi di cookie<\/h5>\n<ul>\n \t<li>Secondo il\u00a0<strong>ente che li gestisce<\/strong>, ci sono Cookies\u00a0<strong>proprio<\/strong>\u00a0(quelli inviati all'apparecchiatura terminale dell'utente da un computer o dominio gestito dall'editore stesso e dal quale viene fornito il servizio richiesto dall'utente) e di <strong>terze parti<\/strong>\u00a0(quelli inviati all'apparecchiatura terminale dell'utente da un'apparecchiatura o da un dominio che non \u00e8 gestito dall'editore, ma da un'altra entit\u00e0 che elabora i dati ottenuti attraverso i biscotti).<\/li>\n \t<li>Secondo il\u00a0<strong>tempo in cui rimangono attivi<\/strong>, ci sono quelli di\u00a0<strong>sessione<\/strong>\u00a0(progettato per raccogliere e memorizzare i dati mentre l'utente accede a una pagina web) e il\u00a0<strong>persistente<\/strong>\u00a0(in cui i dati vengono memorizzati sul terminale e possono essere consultati ed elaborati per un periodo di tempo definito dal proprietario del cookie, che pu\u00f2 variare da pochi minuti a diversi anni)..<\/li>\n \t<li>Secondo il\u00a0<strong>scopo<\/strong>\u00a0per i quali trattano le informazioni raccolte, possono essere:\n<ul>\n \t<li><strong>Cookie tecnici<\/strong>\u00a0(necessari per l'utilizzo del sito web e per la fornitura del servizio oggetto del contratto),<\/li>\n \t<li><strong>Cookie di personalizzazione<\/strong>\u00a0(che consentono all'utente di accedere al servizio con caratteristiche predefinite, come la lingua, il tipo di browser, le impostazioni regionali, ecc.)<\/li>\n \t<li><strong>Cookie analitici<\/strong>\u00a0(raccogliere informazioni sull'utilizzo del sito),<\/li>\n \t<li><strong>Cookie pubblicitari<\/strong>\u00a0(raccogliere informazioni sulle preferenze e sulle scelte personali degli utenti),<\/li>\n \t<li><strong>Cookie di affiliazione<\/strong>\u00a0(consentire il tracciamento delle visite da altri siti web, con i quali il sito ha un contratto di affiliazione).<\/li>\n<\/ul>\n<\/li>\n<\/ul>\n<h5>4. Tipi di cookie utilizzati da questo sito web<\/h5>\n<table>\n<tbody>\n<tr>\n<td width=\"150\">Nome<\/td>\n<td width=\"150\">Dominio<\/td>\n<td width=\"358\">Descrizione<\/td>\n<td width=\"150\">Durata<\/td>\n<td width=\"150\">Tipo<\/td>\n<\/tr>\n<tr>\n<td width=\"150\">wp-wpml_current_language<\/td>\n<td width=\"150\">www.kombonada.com<\/td>\n<td width=\"358\">Il plugin multilingue di WordPress imposta questo cookie per memorizzare l'impostazione della lingua corrente..<\/td>\n<td width=\"150\">Sessione<\/td>\n<td width=\"150\">Funzionale<\/td>\n<\/tr>\n<tr>\n<td width=\"150\">\u00a0_ga_*<\/td>\n<td width=\"150\">.kombonada.es<\/td>\n<td width=\"358\">Google Analytics imposta questo cookie per memorizzare e contare le visualizzazioni delle pagine.<\/td>\n<td width=\"150\">1 anno 1 mese 4 giorni<\/td>\n<td width=\"150\">Analisi<\/td>\n<\/tr>\n<tr>\n<td width=\"150\">_ga<\/td>\n<td width=\"150\">.kombonada.es<\/td>\n<td width=\"358\">Google Analytics imposta questo cookie per calcolare i dati relativi ai visitatori, alle sessioni e alle campagne e per tracciare l'utilizzo del sito per la reportistica analitica del sito. Il cookie memorizza le informazioni in forma anonima e assegna un numero generato in modo casuale per riconoscere i visitatori unici..<\/td>\n<td width=\"150\">1 anno 1 mese 4 giorni<\/td>\n<td width=\"150\">Analisi<\/td>\n<\/tr>\n<tr>\n<td width=\"150\">_GRECAPTCHA<\/td>\n<td width=\"150\">www.google.com<\/td>\n<td width=\"358\">Il servizio Recaptcha di Google imposta questo cookie per identificare i bot e proteggere il sito web da attacchi di spam dannosi.<\/td>\n<td width=\"150\">5 mesi 27 giorni<\/td>\n<td width=\"150\">Necessario<\/td>\n<\/tr>\n<\/tbody>\n<\/table>\nDurante la navigazione sul nostro sito web, i cookie dei nostri social network possono essere memorizzati nel vostro browser. Di seguito sono riportati i link ai cookie dei social network che utilizziamo su questo sito web.:\n<ul>\n \t<li>I cookie di Facebook, per maggiori informazioni consultare il sito\u00a0<a href=\"https:\/\/es-es.facebook.com\/policies\/cookies\/\" target=\"_blank\" rel=\"noopener\">pol\u00edtica de cookies<\/a><\/li>\n \t<li>I cookie di Twitter, per maggiori informazioni consultare il sito\u00a0<a href=\"https:\/\/help.twitter.com\/es\/rules-and-policies\/twitter-cookies\" target=\"_blank\" rel=\"noopener\">pol\u00edtica de cookies<\/a><\/li>\n \t<li>I cookie di Instagram, per maggiori informazioni consultare il sito\u00a0<a href=\"https:\/\/es-es.facebook.com\/policies\/cookies\/\" target=\"_blank\" rel=\"noopener\">pol\u00edtica de cookies<\/a><\/li>\n \t<li>I cookie di Linkedin, per maggiori informazioni consultare il sito\u00a0<a href=\"https:\/\/www.linkedin.com\/legal\/cookie-policy?_l=es_ES\" target=\"_blank\" rel=\"noopener\">pol\u00edtica de cookies<\/a><\/li>\n \t<li>I cookie di Pinterest, per maggiori informazioni consultare il sito\u00a0<a href=\"https:\/\/policy.pinterest.com\/es\/cookies\" target=\"_blank\" rel=\"noopener\">pol\u00edtica de cookies<\/a><\/li>\n \t<li>I cookie di Youtube, per maggiori informazioni consultare il sito\u00a0<a href=\"https:\/\/es-es.facebook.com\/policies\/cookies\/\" target=\"_blank\" rel=\"noopener\">pol\u00edtica de cookies<\/a><\/li>\n<\/ul>\n<h5>5. Revoca<\/h5>\nPotete accedere alle impostazioni del vostro browser in qualsiasi momento, accettando o rifiutando tutti i cookie, oppure selezionando quali cookie accettare e quali no, seguendo una delle seguenti procedure, a seconda del browser che state utilizzando:\n<ul>\n \t<li><strong>Google Chrome<\/strong>\u00a0(nel menu Strumenti): Impostazioni &gt; Mostra opzioni avanzate &gt; Privacy (impostazioni dei contenuti) &gt; Cookie.: https:\/\/support.google.com\/chrome\/answer\/95647?co=GENIE.Platform%3DDesktopandhl=es<\/li>\n \t<li><strong>Microsoft Internet Explorer<\/strong>\u00a0(nel menu Strumenti): Opzioni Internet &gt; Privacy &gt; Avanzate: https:\/\/support.microsoft.com\/es-es\/help\/17442\/windows-internet-explorer-delete-manage-cookies<\/li>\n \t<li><strong>Firefox:\u00a0<\/strong>Opzioni &gt; Privacy &gt; Cookie: https:\/\/support.mozilla.org\/es\/kb\/habilitar-y-deshabilitar-cookies-sitios-web-rastrear-preferencias<\/li>\n \t<li><strong>Safari, iPad y iPhone:\u00a0<\/strong>Preferenze &gt; Privacy: https:\/\/support.apple.com\/kb\/ph21411?locale=es_ES<\/li>\n \t<li><strong>Opera:\u00a0<\/strong>Impostazioni &gt; Opzioni &gt; Avanzate &gt; Cookie: http:\/\/help.opera.com\/Windows\/12.00\/es-ES\/cookies.html<\/li>\n<\/ul>\nQuesti browser sono soggetti ad aggiornamenti o modifiche, pertanto non possiamo garantire che siano pienamente compatibili con la versione del vostro browser. \u00c8 anche possibile che stiate utilizzando un altro browser non coperto da questi link, come Konqueror, Arora, Flock, ecc. Per evitare questi disguidi, potete accedervi direttamente dalle opzioni del vostro browser, di solito nel menu \"Opzioni\" nella sezione \"Privacy\". (Per ulteriori informazioni, consultare la guida del browser).\n<h5>6. Disabilitazione\/abilitazione e cancellazione dei cookie<\/h5>\nPer limitare o bloccare i cookie, \u00e8 possibile farlo attraverso le impostazioni del browser.\n\nSe non volete che i siti web inseriscano alcun cookie nel vostro computer, potete regolare le impostazioni del vostro browser in modo da essere avvisati prima dell'inserimento di qualsiasi cookie. Allo stesso modo, potete regolare le impostazioni del vostro browser in modo che rifiuti tutti i cookie o solo quelli di terze parti. \u00c8 inoltre possibile eliminare i cookie gi\u00e0 presenti sul computer. Si noti che \u00e8 necessario regolare le impostazioni separatamente per ciascun browser e computer utilizzato.\n\nSi prega di notare che se non si desidera ricevere i cookie, non possiamo pi\u00f9 garantire il corretto funzionamento del nostro sito web. Alcune funzionalit\u00e0 del sito potrebbero andare perse e l'utente potrebbe non essere pi\u00f9 in grado di visualizzare alcuni siti web. Inoltre, rifiutare i cookie non significa che non vedrete pi\u00f9 gli annunci pubblicitari, ma semplicemente che gli annunci non saranno adattati ai vostri interessi e saranno ripetuti pi\u00f9 frequentemente.\n\nOgni browser ha un metodo diverso per adattare le impostazioni. Se necessario, consultare la funzione di aiuto del browser per impostare le impostazioni corrette.\n\nPer disabilitare i cookie sul telefono cellulare, consultare il manuale del dispositivo per ulteriori informazioni.\n\nPer saperne di pi\u00f9 sui cookie, consultare Internet, http:\/\/www.aboutcookies.org\/.\n\nA causa del funzionamento di Internet e dei siti web, non sempre disponiamo di informazioni sui cookie inseriti da terzi attraverso il nostro sito web. Ci\u00f2 vale in particolare per i casi in cui il nostro sito web contiene i cosiddetti elementi incorporati: testi, documenti, immagini o brevi filmati che vengono memorizzati altrove, ma visualizzati sul nostro sito web o tramite esso.\n\nPertanto, nel caso in cui doveste trovare tali cookie su questo sito web e non fossero elencati sopra, vi preghiamo di comunicarcelo. In alternativa, si prega di contattare direttamente la terza parte per richiedere informazioni sui cookie impostati, sullo scopo e sulla durata del cookie e su come ha garantito la vostra privacy.\n<h5>7. Informazioni relative al trattamento dei dati personali (art. 13 RGPD)<\/h5>\n<strong>\u00bfChi \u00e8 responsabile del trattamento dei vostri dati personali??<\/strong>\n\n<strong>Kombonada S.L<\/strong>\u00a0\u00e8 responsabile del trattamento dei dati personali che ci fornite, indirizzo e-mail di contatto info@kombonada.es.\n\nSe non volete che i siti web inseriscano alcun cookie nel vostro computer, potete regolare le impostazioni del vostro browser in modo da essere avvisati prima dell'inserimento di qualsiasi cookie. Allo stesso modo, potete regolare le impostazioni del vostro browser in modo che rifiuti tutti i cookie o solo quelli di terze parti. \u00c8 inoltre possibile eliminare i cookie gi\u00e0 presenti sul computer. Si noti che \u00e8 necessario regolare le impostazioni separatamente per ciascun browser e computer utilizzato..\n\n<strong>\u00bfPer cosa utilizziamo i vostri dati personali?<\/strong>\n\nLe informazioni raccolte attraverso i cookie di prima parte (cookie di sessione e cookie di input dell'utente) vengono solitamente utilizzate per tracciare le azioni dell'utente durante la compilazione di moduli online su varie pagine, o come carrello della spesa per tenere traccia degli articoli che l'utente ha selezionato facendo clic su un pulsante, o per personalizzare l'interfaccia utente durante la visita del sito web.\n\nLe informazioni raccolte attraverso i cookie di terze parti sono le seguenti:\n<ul>\n \t<li>I cookie analitici sono utilizzati per analizzare le abitudini di navigazione dell'utente al fine di migliorare i servizi offerti;<\/li>\n \t<li>I cookie comportamentali raccolgono informazioni sulle preferenze degli utenti al fine di gestire gli spazi pubblicitari nel modo pi\u00f9 efficace possibile; y<\/li>\n \t<li>i cookie pubblicitari misurano le prestazioni degli annunci e forniscono raccomandazioni sui prodotti in base a dati statistici.<\/li>\n<\/ul>\nPer vedere esattamente come vengono utilizzati i cookie, consultare la tabella sull'uso dei cookie in questo sito web.\n\n<strong>\u00bfQual \u00e8 la base giuridica per il trattamento dei vostri dati personali?<\/strong>\n\nLa legittimit\u00e0 del trattamento dei vostri dati personali \u00e8 data dal vostro consenso, prestato quando ci contattate, per l'utilizzo di cookie analitici, comportamentali e pubblicitari; per i cookie di sessione o di personalizzazione, la legittimit\u00e0 del trattamento \u00e8 data dal legittimo interesse del fornitore (titolare del trattamento)..\n\n<strong>\u00bfA chi comunichiamo i vostri dati?<\/strong>\n\nNessun dato sar\u00e0 trasferito o comunicato a terzi, se non per obbligo di legge o alle terze parti indicate nel caso di utilizzo di cookie da esse gestiti.\n\n<strong>\u00bfPer quanto tempo saranno conservati i vostri dati?<\/strong>\n\nIl periodo di conservazione dei dati raccolti \u00e8 quello indicato nella tabella sull'uso dei cookie in questo sito web.\n\n<strong>\u00bfQuali sono i vostri diritti?<\/strong>\n\nLos derechos que amparan al usuario son los de acceso, rectificaci\u00f3n, supresi\u00f3n, portabilidad de los mismos, retirada del consentimiento (sin que ello afecte a la licitud del tratamiento otorgado previamente a su retirada), oposici\u00f3n al tratamiento, limitaci\u00f3n (en determinadas circunstancias) y a presentar una reclamaci\u00f3n ante la autoridad de control (la Agencia Espa\u00f1ola de protecci\u00f3n de datos, www.aepd.es).\t\t\t\t\t\t\t\t<\/div>\n\t\t\t\t<\/div>\n\t\t\t\t\t<\/div>\n\t\t\t\t<\/div>\n\t\t\t\t<\/div>\n\t\t","protected":false},"excerpt":{"rendered":"<p>1. Introduzione Il sito web di Castel Mosciaro IKE utilizza cookie propri e di terzi. Un cookie \u00e8 un file che viene scaricato sul computer dell'utente quando accede a determinate pagine web, tra gli altri scopi, per garantire il corretto funzionamento della pagina, consentire all'utente un accesso pi\u00f9 rapido ai servizi selezionati, memorizzare e recuperare [&hellip;]<\/p>\n","protected":false},"author":1,"featured_media":0,"parent":0,"menu_order":0,"comment_status":"closed","ping_status":"closed","template":"","meta":{"footnotes":""},"class_list":["post-977","page","type-page","status-publish","hentry"],"_links":{"self":[{"href":"https:\/\/kombonada.com\/it\/wp-json\/wp\/v2\/pages\/977","targetHints":{"allow":["GET"]}}],"collection":[{"href":"https:\/\/kombonada.com\/it\/wp-json\/wp\/v2\/pages"}],"about":[{"href":"https:\/\/kombonada.com\/it\/wp-json\/wp\/v2\/types\/page"}],"author":[{"embeddable":true,"href":"https:\/\/kombonada.com\/it\/wp-json\/wp\/v2\/users\/1"}],"replies":[{"embeddable":true,"href":"https:\/\/kombonada.com\/it\/wp-json\/wp\/v2\/comments?post=977"}],"version-history":[{"count":0,"href":"https:\/\/kombonada.com\/it\/wp-json\/wp\/v2\/pages\/977\/revisions"}],"wp:attachment":[{"href":"https:\/\/kombonada.com\/it\/wp-json\/wp\/v2\/media?parent=977"}],"curies":[{"name":"wp","href":"https:\/\/api.w.org\/{rel}","templated":true}]}}