{"id":971,"date":"2024-04-05T10:16:13","date_gmt":"2024-04-05T07:16:13","guid":{"rendered":"https:\/\/kombonada.com\/?page_id=971"},"modified":"2024-04-17T16:07:39","modified_gmt":"2024-04-17T13:07:39","slug":"nota-legale","status":"publish","type":"page","link":"https:\/\/kombonada.com\/it\/nota-legale\/","title":{"rendered":"Nota legale"},"content":{"rendered":"\t\t<div data-elementor-type=\"wp-page\" data-elementor-id=\"971\" class=\"elementor elementor-971 elementor-3988\" data-elementor-post-type=\"page\">\n\t\t\t\t<div class=\"elementor-element elementor-element-96bd752 e-flex e-con-boxed e-con e-parent\" data-id=\"96bd752\" data-element_type=\"container\" data-e-type=\"container\">\n\t\t\t\t\t<div class=\"e-con-inner\">\n\t\t\t\t<div class=\"elementor-element elementor-element-9095f28 elementor-widget elementor-widget-text-editor\" data-id=\"9095f28\" data-element_type=\"widget\" data-e-type=\"widget\" data-widget_type=\"text-editor.default\">\n\t\t\t\t<div class=\"elementor-widget-container\">\n\t\t\t\t\t\t\t\t\t<h5>1. Introduzione<\/h5><p>La vostra privacy \u00e8 importante per noi, pertanto questo documento spiega quali dati raccogliamo dagli utenti, come li utilizziamo e per quale scopo, tra le altre cose. Le persone di et\u00e0 superiore ai 14 anni possono registrarsi come utenti senza il previo consenso dei loro genitori, tutori o rappresentanti legali. Nel caso di bambini di et\u00e0 inferiore ai 14 anni o di quelli identificati come \"legalmente incapaci\", richiederemo sempre il consenso dei genitori o di un tutore o rappresentante legale.<br \/>Per vostra informazione, non vi chiederemo mai pi\u00f9 informazioni di quelle effettivamente necessarie per i servizi richiesti; non le condivideremo mai con terzi, se non nei casi previsti dalla legge o con il vostro preventivo consenso; e non utilizzeremo mai i vostri dati per scopi diversi da quelli precedentemente indicati.<\/p><p>L'utente \u00e8 tenuto a leggere attentamente la presente informativa sulla privacy con regolarit\u00e0 e ogni volta che inserisce i propri dati personali, poich\u00e9 il presente documento pu\u00f2 subire modifiche in quanto il fornitore pu\u00f2 modificare qualsiasi tipo di informazione che possa apparire sul sito web per conformarsi alle normative o aggiornare l'informativa, e non vi \u00e8 alcun obbligo di preavviso o di informare gli utenti di tali obblighi, essendo sufficiente la pubblicazione sul sito web del fornitore.<\/p><h5>2. Titolare del trattamento dei dati<\/h5><p><strong>Identit\u00e0:\u00a0<\/strong>Castel Mosciaro IKE<br \/><strong>NIF: <\/strong>EL801240996<br \/><strong>Indirizzo postale:<br \/><\/strong>Kythira<br \/>80100 Attiki<br \/>Grecia<br \/><strong>Indirizzo e-mail:<\/strong> <a href=\"mailto:info@kombonada.com\">info@kombonada.com<\/a><br \/><strong>Telefono<\/strong>: <a href=\"tel:+34933568854\">(+34) 933 568 854<\/a><\/p><p><strong>Castel Mosciaro IKE<\/strong>, in qualit\u00e0 di responsabile del Sito web, in conformit\u00e0 con le disposizioni del Regolamento (UE) 2016\/679 del 27 aprile 2016 (RGPD), della Legge Organica 3\/2018 del 5 dicembre (LOPDGDD) e delle altre norme giuridiche vigenti in materia di protezione dei dati personali, nonch\u00e9 della Legge 34\/2002, dell'11 luglio, dei Servizi della Societ\u00e0 dell'Informazione e del Commercio Elettronico (LSSICE), informa che ha implementato le misure di sicurezza tecniche e organizzative necessarie per garantire e proteggere la riservatezza, l'integrit\u00e0 e la disponibilit\u00e0 dei dati inseriti.<\/p><h5>3. Modalit\u00e0 di raccolta dei dati e dati raccolti<\/h5><p>I dati che raccogliamo e il modo in cui li otteniamo sono i seguenti:<\/p><ol><li>utilizzando il <strong>formulario di contatto<\/strong>: nome, e-mail, numero di telefono, ecc.\u2026<\/li><li>utilizzando il <strong>formulario di registrazione<\/strong>: nome, email, numero di telefono\u2026<\/li><li>attraverso il <strong>formulario di iscrizione alla newsletter<\/strong>: nome, indirizzo email\u2026<\/li><li>tramite il <strong>formulario di registrazione al webinar<\/strong>: nome, indirizzo e-mail\u2026<\/li><li>iscrivendosi al forum e\/o commentando sul forum: nome, indirizzo e-mail\u2026<\/li><li>per <strong>scaricare il contenuto<\/strong>: nome, indirizzo e-mail\u2026<\/li><li>tramite il modulo di raccolta dati dell'ecommerce: nome, indirizzo, indirizzo e-mail, et\u00e0, numero di telefono, coordinate bancarie o informazioni sulla carta di credito\/debito\u2026<\/li><\/ol><p>Nessun trattamento di categorie di dati particolarmente protette.<\/p><h5>4. Finalit\u00e0 del trattamento<\/h5><p>I vostri dati personali saranno utilizzati esclusivamente per le seguenti finalit\u00e0, fornendo il vostro consenso per ciascuna di esse nella sezione corrispondente del sito web:<\/p><ul><li><strong>modulo di contatto:<\/strong> per rispondere a domande e\/o fornire informazioni richieste dall'Utente.;<\/li><li><strong>modulo di registrazione<\/strong>: per la creazione di un account utente e l'accesso alle funzionalit\u00e0 del sito web.;<\/li><li><strong>modulo di iscrizione alla newsletter<\/strong>: inviare comunicazioni commerciali pubblicitarie tramite e-mail, SMS, comunit\u00e0 sociali o qualsiasi altro mezzo elettronico o fisico, nel caso in cui l'Utente abbia espressamente acconsentito a ci\u00f2.;<\/li><li><strong>modulo di registrazione al webinar<\/strong>: per rendervi parte del nostro webinar;<\/li><li><strong>iscrizione al forum e\/o commenti<\/strong>\u00a0nel forum: una volta registrato nel forum, l'utente potr\u00e0 commentare nel forum, sia per sollevare questioni che per rispondere a domande;<\/li><li><strong>scaricare i contenuti come membro<\/strong>: per aggiornare e inviare i contenuti come sottoscrittore dei contenuti;<\/li><li><strong>Se si contratta il servizio\/acquisto<\/strong> del prodotto attraverso il nostro sito web <a href=\"https:\/\/kombonada.com\/\">https:\/\/kombonada.com\/<\/a>\u00a0vi chiederemo di fornirci informazioni su di voi, tra cui il vostro nome, i dettagli di contatto e i dati della carta di credito o di debito.<\/li><li>Altri scopi:<ul><li>Effettuare gli adempimenti commerciali, amministrativi, fiscali e contabili previsti dalla normativa vigente;<\/li><li>Per conoscere la vostra opinione e migliorare i servizi forniti dal sito;<\/li><li>Effettuare la profilazione e l'analisi di usabilit\u00e0 del sito web, attraverso i cookie (indicati nella cookie policy);<\/li><li>Social network: l'uso dei social network \u00e8 specificato nella relativa sezione.<\/li><\/ul><\/li><\/ul><p><strong>Uso di fotografie<\/strong>: Le fotografie pubblicate sul sito web sono di propriet\u00e0 di\u00a0<strong>Castel Mosciaro IKE<\/strong>, comprese quelle dei minori, per le quali, al fine di ottenerle, sia stato acquisito il preventivo consenso dei genitori, dei tutori o dei rappresentanti legali mediante la sottoscrizione di appositi moduli predisposti dai centri di cui i minori fanno parte. Tuttavia, i genitori, i tutori o i rappresentanti dei minori, in quanto titolari dell'esercizio dei loro diritti, e sempre previa formale richiesta scritta, possono manifestare il loro rifiuto all'utilizzo dell'immagine del minore; in tal caso, l'immagine verr\u00e0 mostrata pixelata.<\/p><p>\u00c8 possibile revocare il proprio consenso in qualsiasi momento inviando una lettera con oggetto \"Unsubscribe\" all'indirizzo e-mail sopra indicato.<\/p><p>In conformit\u00e0 con la LSSICE,\u00a0<strong>Castel Mosciaro IKE<\/strong>\u00a0non effettua pratiche di SPAM e pertanto non invia e-mail commerciali che non siano state precedentemente richieste o autorizzate dall'Utente. Di conseguenza, in tutte le comunicazioni che riceverete dal provider, l'utente ha la possibilit\u00e0 di revocare il proprio consenso espresso a ricevere le nostre comunicazioni.<\/p><p>Non tratteremo i vostri dati personali per nessun altro scopo, tranne che per legge o per ordine del tribunale.<\/p><p>Non sarete soggetti a decisioni basate su un trattamento automatizzato che produca effetti sui vostri dati.<\/p><h5>5. Legittimazione del trattamento<\/h5><p>La base giuridica per il trattamento dei dati \u00e8 il vostro consenso dato al momento di fornire i vostri dati nel modulo pertinente per le finalit\u00e0 per cui i dati devono essere trattati, al momento di selezionare la casella di controllo.<\/p><p>L'offerta prospettica o commerciale di prodotti e servizi si basa sul consenso richiesto all'utente, senza che la revoca di tale consenso possa in ogni caso condizionare l'esecuzione del contratto di abbonamento.<\/p><p>Il mancato conferimento dei dati personali richiesti o la mancata accettazione della presente informativa sulla privacy comporta l'impossibilit\u00e0 di raggiungere le finalit\u00e0 sopra descritte.<\/p><p>Nei casi in cui esista un precedente rapporto contrattuale tra le parti, la legittimazione per lo sviluppo degli obblighi amministrativi, fiscali e contabili necessari ai sensi della normativa vigente sar\u00e0 la <strong>precedente esistenza del rapporto commerciale<\/strong> instaurato tra le parti.<\/p><h5>6. Periodo di conservazione dei dati<\/h5><p>I vostri dati saranno conservati per la durata del rapporto commerciale con noi o per tutto il tempo in cui eserciterete il vostro diritto di cancellazione, opposizione o revoca del consenso. Anche se avete esercitato i vostri diritti in modo corretto, dobbiamo conservare i vostri dati adeguatamente bloccati per la durata dei periodi legalmente previsti dalle disposizioni applicabili.<\/p><h5>7. Destinatari di incarichi o trasferimenti<\/h5><p><strong>Castel Mosciaro IKE<\/strong>\u00a0non effettua alcun trasferimento o comunicazione di dati all'interno o all'esterno dell'UE. Il provider fornir\u00e0 informazioni alle forze dell'ordine solo su ordine del tribunale o per obbligo di legge, senza pregiudicare il blocco o la cancellazione dell'account dell'utente qualora vi siano indizi di commissione di un reato da parte dell'utente. Le informazioni fornite saranno solo quelle disponibili al provider in quel momento.<\/p><p>Le informazioni che ci fornite attraverso questo sito web saranno ospitate sui server di\u00a0<strong>Castel Mosciaro IKE<\/strong>, contratto con la societ\u00e0 che fornisce il servizio di web hosting. Il trattamento dei dati dell'entit\u00e0 \u00e8 regolato da un contratto di elaborazione dati tra il fornitore e questa societ\u00e0.<\/p><h5>8. Diritti delle persone interessate<\/h5><p>In qualit\u00e0 di utente-stakeholder, l'utente pu\u00f2 richiedere l'esercizio dei seguenti diritti a <strong>Castel Mosciaro IKE<\/strong>inviando una lettera all'indirizzo postale indicato nell'intestazione o inviando un'e-mail a <a href=\"mailto:info@kombonada.com\">info@kombonada.com<\/a>, indicando come oggetto: \"PROTEZIONE DEI DATI: DIRITTI DEGLI INTERESSATI\", e allegando una fotocopia della carta d'identit\u00e0 o qualsiasi altro mezzo analogo a norma di legge, come indicato dalla legge.<\/p><p>Diritti:<\/p><ul><li><strong>Diritto di accesso<\/strong>: consente all'interessato di conoscere e ottenere informazioni sui propri dati personali oggetto di trattamento.<\/li><li><strong>Diritto di rettifica o cancellazione<\/strong>: questo diritto consente di correggere gli errori e modificare i dati inesatti o incompleti.<\/li><li><strong>Diritto di cancellazione<\/strong>: consente di cancellare i dati inappropriati o eccessivi.<\/li><li><strong>Diritto di opposizione<\/strong>: diritto dell'interessato di impedire o interrompere il trattamento dei propri dati personali.<\/li><li><strong>Limitazione del trattamento<\/strong>: comporta la marcatura dei dati personali conservati, al fine di limitarne il trattamento futuro, per l'esercizio o la difesa dei diritti.<\/li><li><strong>Portabilit\u00e0 dei dati<\/strong>: messa a disposizione dell'interessato dei dati oggetto di trattamento, affinch\u00e9 possa trasmetterli ad un altro titolare del trattamento, senza impedimenti.<\/li><li><strong>Diritto di non essere sottoposto a decisioni individuali automatizzate (compresa la profilazione):<\/strong> diritto di non essere sottoposto a una decisione basata su un trattamento automatizzato che produca effetti o incida significativamente.<\/li><\/ul><p>L'utente ha il diritto di revocare il proprio consenso in qualsiasi momento. La revoca del consenso non pregiudica la liceit\u00e0 del trattamento effettuato prima della revoca stessa.<\/p><p>Avete anche il diritto di presentare un reclamo all'autorit\u00e0 di controllo se ritenete che i vostri diritti di protezione dei dati siano stati violati (www.aepd.es).<\/p><h5>9. Misure di sicurezza<\/h5><p>I dati forniti saranno trattati con riservatezza. Il fornitore ha adottato tutte le misure tecniche e organizzative e tutti i livelli di protezione necessari per garantire la sicurezza nel trattamento dei dati ed evitarne l'alterazione, la perdita, il furto, il trattamento non autorizzato o l'accesso, in conformit\u00e0 allo stato della tecnologia e alla natura dei dati memorizzati. Allo stesso modo, si garantisce che il trattamento e la registrazione in archivi, programmi, sistemi o apparecchiature, locali e centri siano conformi ai requisiti e alle condizioni di integrit\u00e0 e sicurezza stabiliti dalla normativa vigente.<\/p><h5>10. Lingua<\/h5><p>La lingua applicabile alla presente informativa sulla privacy \u00e8 lo spagnolo. Pertanto, in caso di contraddizioni nelle versioni fornite in altre lingue, prevarr\u00e0 la versione spagnola.<\/p><h5>11. Analisi del profilo<\/h5><p>Le informazioni fornite nelle diverse forme, durante l'interazione con il sito web e qualsiasi altro dato fornito durante la navigazione, comprese le informazioni fornite da biscotti in relazione alle abitudini di navigazione, comporta l'accettazione del trattamento di questi dati, al fine di essere segmentati o categorizzati con lo scopo di applicarli all'attivit\u00e0 relativa alla gestione dell'amministrazione generale, all'informazione, alla commercializzazione di spazi pubblicitari, alla profilazione, all'analisi delle proposte richieste dagli utenti\/clienti, allo studio statistico dei servizi e dei contenuti utilizzati, dei gusti e delle preferenze, ai sondaggi o ai moduli. I dati utilizzati per l'elaborazione di questi profili non sono dati che permettono l'identificazione degli utenti, ma mostrano solo in un grafico il tipo di pubblico che interagisce con il sito web, l'et\u00e0, il paese, il sesso, ecc.<\/p><p>L'utente che accede a questo sito web acconsente esplicitamente all'utilizzo di queste informazioni generiche per la profilazione, la segmentazione e la categorizzazione dei dati per le finalit\u00e0 descritte nella sezione precedente.<\/p><h5>12. I social media<\/h5><p>Le informamos que <strong>Castel Mosciaro IKE<\/strong> puede tener presencia en redes sociales. El tratamiento de los datos que se lleve a cabo de las personas que se hagan seguidoras en las redes sociales (y\/o realicen cualquier v\u00ednculo o acci\u00f3n de conexi\u00f3n a trav\u00e9s de las redes sociales) de las p\u00e1ginas oficiales de <strong>Castel Mosciaro IKE<\/strong> se regir\u00e1 por este apartado, as\u00ed como para aquellas condiciones de uso, pol\u00edticas de privacidad y normativas de acceso que pertenezcan a la red social que proceda en cada caso y aceptadas previamente por el usuario.<\/p><p><strong>Castel Mosciaro IKE<\/strong>\u00a0tratter\u00e0 i vostri dati per gestire correttamente la vostra presenza sul social network, per informarvi sulle attivit\u00e0, i prodotti o i servizi del fornitore, nonch\u00e9 per qualsiasi altra finalit\u00e0 consentita dai regolamenti dei social network.<\/p><p>La pubblicazione di contenuti \u00e8 vietata:<\/p><ul><li>sono sospettati di essere illegali ai sensi del diritto nazionale, comunitario o internazionale o di svolgere attivit\u00e0 sospettate di essere illegali o di contravvenire ai principi di buona fede.<\/li><li>Che violano i diritti fondamentali delle persone, la mancanza di cortesia sulla rete, disturbano o possono generare opinioni negative nei nostri utenti o in terze parti e in generale qualsiasi contenuto che <strong>Castel Mosciaro IKE<\/strong> considera inappropriato.<\/li><li>E in generale che contravvengono ai principi di legalit\u00e0, onest\u00e0, responsabilit\u00e0, tutela della dignit\u00e0 umana, tutela dei minori, tutela dell'ordine pubblico, tutela della privacy, tutela dei consumatori e dei diritti di propriet\u00e0 intellettuale e industriale.<\/li><\/ul><p>Allo stesso modo, <strong>Castel Mosciaro IKE<\/strong> si riserva il diritto di rimuovere, senza preavviso dal sito web o dalla rete sociale aziendale, qualsiasi contenuto ritenuto inappropriato.<\/p><p>In ogni caso, se l'utente invia informazioni personali attraverso il social network, <strong>Castel Mosciaro IKE<\/strong> sar\u00e0 esente da responsabilit\u00e0 in relazione alle misure di sicurezza applicabili a questa piattaforma e l'utente, se desidera conoscerle, dovr\u00e0 consultare le condizioni specifiche del network in questione.<\/p><h5>13. Inviare il CV<\/h5><p>Nel caso in cui l'utente invii il proprio CV attraverso il nostro sito web, \u00e8 informato che i dati forniti saranno trattati al fine di farlo partecipare ai processi di selezione che potranno avere luogo, effettuando un'analisi del profilo del candidato con l'obiettivo di selezionare il miglior candidato per il posto vacante di responsabile. Vi informiamo che questa \u00e8 l'unica procedura ufficiale di accettazione del vostro CV, pertanto non saranno accettati CV inviati con altre procedure. In caso di modifiche ai vostri dati, vi preghiamo di informarci per iscritto il prima possibile, in modo da poterli mantenere aggiornati.<\/p><p>I dati saranno conservati per un periodo massimo di un anno. Trascorso tale periodo, i dati saranno cancellati, garantendo il totale rispetto della riservatezza sia nel trattamento che nella successiva distruzione. A questo proposito, una volta trascorso questo periodo, se desidera continuare a partecipare ai processi di selezione del Responsabile, La preghiamo di inviarci nuovamente il Suo CV.<\/p><p>I dati potranno essere trattati e\/o comunicati alle societ\u00e0 del nostro gruppo per tutto il tempo in cui il vostro CV sar\u00e0 conservato e per le stesse finalit\u00e0 di cui sopra.<\/p><h5>14. Iscriviti al blog<\/h5><p>Nel caso in cui l'utente si iscriva al blog, si informa che i dati forniti saranno trattati per gestire l'iscrizione al blog informativo con avviso di aggiornamento e saranno conservati fino a quando sussister\u00e0 il reciproco interesse a mantenere la finalit\u00e0 del trattamento. Quando non saranno pi\u00f9 necessari per questa finalit\u00e0, saranno cancellati con adeguate misure di sicurezza per garantire la pseudonimizzazione dei dati o la loro totale distruzione. I dati non saranno comunicati a terzi, a meno che non siano obbligati per legge.<\/p><h5>15. Partecipazione a forum<\/h5><p>Nel caso in cui l'utente desideri partecipare ai forum del sito web, si informa che i dati forniti saranno trattati per regolare la partecipazione al forum. Qualsiasi registrazione o trasmissione dei dati personali forniti dall'utente di questo forum implica la conoscenza e l'accettazione inequivocabile dell'Avviso legale e dell'Informativa sulla privacy riportati sul sito. I dati saranno conservati per tutto il tempo in cui vi \u00e8 un interesse reciproco a mantenere lo scopo del trattamento e, quando non saranno pi\u00f9 necessari per tale scopo, saranno cancellati con misure di sicurezza adeguate per garantire la pseudonimizzazione dei dati (se applicabile) o la distruzione totale dei dati. I messaggi saranno visualizzati pubblicamente dagli utenti del forum online.<\/p><p><strong>Castel Mosciaro IKE<\/strong>\u00a0non \u00e8 responsabile dei contenuti pubblicati sul forum da qualsiasi utente registrato. Il contenuto postato esprime solo il punto di vista del suo autore. L'autore del commento si impegna a non utilizzare questo blog per pubblicare o linkare contenuti diffamatori, abusivi, di odio, minacciosi, offensivi, di spam o simili, contenuti per adulti o che violino il diritto d'autore o la legge e l'ordine pubblico in generale. Se, a giudizio dei moderatori, i commenti caricati possono ledere e\/o violare i diritti di terzi o la legge, possono essere rimossi senza alcuna spiegazione.<\/p><h5>16. Pubblicazione della testimonianza<\/h5><p>Nel caso in cui l'utente desideri pubblicare la propria opinione sul sito web, si informa che i dati forniti saranno trattati al fine di gestire i suggerimenti proposti, le esperienze o le opinioni relative a prodotti e\/o servizi da pubblicare sul sito web e poter cos\u00ec aiutare altri utenti. I dati saranno conservati per tutto il tempo in cui sussiste un interesse reciproco al mantenimento della finalit\u00e0 del trattamento e, quando non saranno pi\u00f9 necessari per tale finalit\u00e0, saranno cancellati con misure di sicurezza adeguate a garantire la pseudonimizzazione dei dati o la totale distruzione degli stessi. I testimoni saranno pubblicati sul nostro sito web. L'unico dato personale pubblicato sul testimone sar\u00e0 il suo nome.<\/p><h5>17. Modifiche alla presente informativa sulla privacy<\/h5><p><strong>Castel Mosciaro IKE<\/strong>\u00a0si riserva il diritto di modificare questa politica per adattarla a nuove leggi o giurisprudenze.<\/p><h5>18. Revocabilit\u00e0<\/h5><p>Il consenso prestato, sia per il trattamento che per il trasferimento dei dati degli interessati, pu\u00f2 essere revocato in qualsiasi momento comunicandolo a <strong>Castel Mosciaro IKE<\/strong> nei termini stabiliti nella presente Informativa per l'esercizio dei diritti. Tale revoca non sar\u00e0 in nessun caso retroattiva.<\/p><h5>19. Legislazione<\/h5><p>In generale, i rapporti tra <strong>Castel Mosciaro IKE<\/strong> e gli Utenti dei suoi servizi telematici, presenti in questo sito web, sono soggetti alla legislazione e alla giurisdizione spagnola, alla quale le parti si sottopongono espressamente, e le Corti e i Tribunali di Barcellona saranno competenti per la risoluzione di tutti i conflitti derivanti o correlati al suo utilizzo.<\/p>\t\t\t\t\t\t\t\t<\/div>\n\t\t\t\t<\/div>\n\t\t\t\t\t<\/div>\n\t\t\t\t<\/div>\n\t\t\t\t<\/div>\n\t\t","protected":false},"excerpt":{"rendered":"<p>1. Introduzione La vostra privacy \u00e8 importante per noi, pertanto questo documento spiega quali dati raccogliamo dagli utenti, come li utilizziamo e per quale scopo, tra le altre cose. Le persone di et\u00e0 superiore ai 14 anni possono registrarsi come utenti senza il previo consenso dei loro genitori, tutori o rappresentanti legali. Nel caso di [&hellip;]<\/p>\n","protected":false},"author":1,"featured_media":0,"parent":0,"menu_order":0,"comment_status":"closed","ping_status":"closed","template":"","meta":{"footnotes":""},"class_list":["post-971","page","type-page","status-publish","hentry"],"_links":{"self":[{"href":"https:\/\/kombonada.com\/it\/wp-json\/wp\/v2\/pages\/971","targetHints":{"allow":["GET"]}}],"collection":[{"href":"https:\/\/kombonada.com\/it\/wp-json\/wp\/v2\/pages"}],"about":[{"href":"https:\/\/kombonada.com\/it\/wp-json\/wp\/v2\/types\/page"}],"author":[{"embeddable":true,"href":"https:\/\/kombonada.com\/it\/wp-json\/wp\/v2\/users\/1"}],"replies":[{"embeddable":true,"href":"https:\/\/kombonada.com\/it\/wp-json\/wp\/v2\/comments?post=971"}],"version-history":[{"count":0,"href":"https:\/\/kombonada.com\/it\/wp-json\/wp\/v2\/pages\/971\/revisions"}],"wp:attachment":[{"href":"https:\/\/kombonada.com\/it\/wp-json\/wp\/v2\/media?parent=971"}],"curies":[{"name":"wp","href":"https:\/\/api.w.org\/{rel}","templated":true}]}}